{"id":125,"date":"2019-11-27T21:05:19","date_gmt":"2019-11-27T20:05:19","guid":{"rendered":"https:\/\/alyeskaadvisors.com\/site\/?page_id=125"},"modified":"2024-09-03T20:03:22","modified_gmt":"2024-09-03T18:03:22","slug":"equipe","status":"publish","type":"page","link":"https:\/\/alyeskaadvisors.com\/site\/bienvenue\/equipe\/","title":{"rendered":"Equipe"},"content":{"rendered":"<p>[et_pb_section fb_built=\u00a0\u00bb1&Prime; _builder_version=\u00a0\u00bb3.22&Prime; min_height=\u00a0\u00bb1257.4px\u00a0\u00bb custom_padding=\u00a0\u00bb173.7px|0px|173.7px|0px|true|\u00a0\u00bb][et_pb_row _builder_version=\u00a0\u00bb3.25&Prime; background_size=\u00a0\u00bbinitial\u00a0\u00bb background_position=\u00a0\u00bbtop_left\u00a0\u00bb background_repeat=\u00a0\u00bbrepeat\u00a0\u00bb custom_padding=\u00a0\u00bb90px|0px|0px|0px\u00a0\u00bb][et_pb_column type=\u00a0\u00bb4_4&Prime; _builder_version=\u00a0\u00bb3.25&Prime; custom_padding=\u00a0\u00bb|||\u00a0\u00bb custom_padding__hover=\u00a0\u00bb|||\u00a0\u00bb][et_pb_team_member name=\u00a0\u00bbMarc de Gunzburg\u00a0\u00bb position=\u00a0\u00bbFounder &#038; CEO\u00a0\u00bb image_url=\u00a0\u00bbhttps:\/\/alyeskaadvisors.com\/site\/wp-content\/uploads\/2019\/11\/de-gunzburg-marc-alyeskaadvisors-alyeska-advisors-portrait.png\u00a0\u00bb linkedin_url=\u00a0\u00bbhttps:\/\/www.linkedin.com\/in\/marc-de-gunzburg-22b178\/\u00a0\u00bb admin_label=\u00a0\u00bbMarc de Gunzburg &#8211; Alyeska Advisors SA &#8211; Owner &#038; CEO\u00a0\u00bb _builder_version=\u00a0\u00bb4.9.0&Prime; box_shadow_style_image=\u00a0\u00bbpreset2&Prime;]<\/p>\n<p>&nbsp;<\/p>\n<p style=\"text-align: justify;\">Cadre financier exp\u00e9riment\u00e9 et polyvalent, ayant d\u00e9velopp\u00e9, g\u00e9r\u00e9 et mis en \u0153uvre des solutions et outils financiers sophistiqu\u00e9s d\u00e9di\u00e9s \u00e0 la gestion de patrimoine pour des clients priv\u00e9s et institutionnels &#8211; de 1992 \u00e0 2012 \u00e0 La Compagnie Benjamin de Rothschild et depuis \u00e0 la t\u00eate d&rsquo;une soci\u00e9t\u00e9 de conseil financier innovante.<\/p>\n<p style=\"text-align: justify;\">Ses sp\u00e9cialit\u00e9s sont : le conseil personnalis\u00e9 et ind\u00e9pendant ; l&rsquo;analyse des risques, la gestion de portefeuilles ; l&rsquo;allocation d&rsquo;actifs ; les instruments financiers d\u00e9riv\u00e9s, la due diligence de structures complexes ; le d\u00e9veloppement de la client\u00e8le, la lev\u00e9e de fonds ainsi que la gestion des personnes.<\/p>\n<p style=\"text-align: justify;\">En 2013, Alyeska Advisors S.A. a \u00e9t\u00e9 fond\u00e9e &#8211; sur la base de cette exp\u00e9rience et d&rsquo;un fort esprit d&rsquo;entreprise &#8211; pour offrir aux clients une exp\u00e9rience et un service d&rsquo;ing\u00e9nierie financi\u00e8re totalement int\u00e9gr\u00e9s, un \u00ab\u00a0one stop shop\u00a0\u00bb, proposant des solutions simples et personnalis\u00e9es pour des structures financi\u00e8res complexes et des opportunit\u00e9s d&rsquo;affaires, en mettant l&rsquo;accent sur la gestion des risques, les investissements directs et la gestion de portefeuille.<\/p>\n<p style=\"text-align: justify;\">En outre, il met \u00e0 profit son savoir-faire financier et s&rsquo;efforce de soutenir l&rsquo;\u00e9ducation en tant que pr\u00e9sident des comit\u00e9s d&rsquo;investissement de World ORT &#8211; une association visant \u00e0 promouvoir l&rsquo;\u00e9ducation et la formation dans les communaut\u00e9s du monde entier &#8211; depuis 2012 et en tant que pr\u00e9sident d&rsquo;ORT Suisse depuis 2016.<\/p>\n<p>[\/et_pb_team_member][\/et_pb_column][\/et_pb_row][\/et_pb_section]<\/p>\n","protected":false},"excerpt":{"rendered":"<p>[et_pb_section fb_built=\u00a0\u00bb1&Prime; _builder_version=\u00a0\u00bb3.22&Prime; min_height=\u00a0\u00bb1257.4px\u00a0\u00bb custom_padding=\u00a0\u00bb173.7px|0px|173.7px|0px|true|\u00a0\u00bb][et_pb_row _builder_version=\u00a0\u00bb3.25&Prime; background_size=\u00a0\u00bbinitial\u00a0\u00bb background_position=\u00a0\u00bbtop_left\u00a0\u00bb background_repeat=\u00a0\u00bbrepeat\u00a0\u00bb custom_padding=\u00a0\u00bb90px|0px|0px|0px\u00a0\u00bb][et_pb_column type=\u00a0\u00bb4_4&Prime; _builder_version=\u00a0\u00bb3.25&Prime; custom_padding=\u00a0\u00bb|||\u00a0\u00bb custom_padding__hover=\u00a0\u00bb|||\u00a0\u00bb][et_pb_team_member name=\u00a0\u00bbMarc de Gunzburg\u00a0\u00bb position=\u00a0\u00bbFounder &#038; CEO\u00a0\u00bb image_url=\u00a0\u00bbhttps:\/\/alyeskaadvisors.com\/site\/wp-content\/uploads\/2019\/11\/de-gunzburg-marc-alyeskaadvisors-alyeska-advisors-portrait.png\u00a0\u00bb linkedin_url=\u00a0\u00bbhttps:\/\/www.linkedin.com\/in\/marc-de-gunzburg-22b178\/\u00a0\u00bb admin_label=\u00a0\u00bbMarc de Gunzburg &#8211; Alyeska Advisors SA &#8211; Owner &#038; CEO\u00a0\u00bb _builder_version=\u00a0\u00bb4.9.0&Prime; box_shadow_style_image=\u00a0\u00bbpreset2&Prime;] &nbsp; Cadre financier exp\u00e9riment\u00e9 et polyvalent, ayant d\u00e9velopp\u00e9, g\u00e9r\u00e9 et mis en \u0153uvre des solutions et outils financiers sophistiqu\u00e9s d\u00e9di\u00e9s [&hellip;]<\/p>\n","protected":false},"author":4,"featured_media":0,"parent":2,"menu_order":0,"comment_status":"closed","ping_status":"closed","template":"","meta":{"_et_pb_use_builder":"on","_et_pb_old_content":"","_et_gb_content_width":"","footnotes":""},"class_list":["post-125","page","type-page","status-publish","hentry"],"_links":{"self":[{"href":"https:\/\/alyeskaadvisors.com\/site\/wp-json\/wp\/v2\/pages\/125","targetHints":{"allow":["GET"]}}],"collection":[{"href":"https:\/\/alyeskaadvisors.com\/site\/wp-json\/wp\/v2\/pages"}],"about":[{"href":"https:\/\/alyeskaadvisors.com\/site\/wp-json\/wp\/v2\/types\/page"}],"author":[{"embeddable":true,"href":"https:\/\/alyeskaadvisors.com\/site\/wp-json\/wp\/v2\/users\/4"}],"replies":[{"embeddable":true,"href":"https:\/\/alyeskaadvisors.com\/site\/wp-json\/wp\/v2\/comments?post=125"}],"version-history":[{"count":32,"href":"https:\/\/alyeskaadvisors.com\/site\/wp-json\/wp\/v2\/pages\/125\/revisions"}],"predecessor-version":[{"id":311,"href":"https:\/\/alyeskaadvisors.com\/site\/wp-json\/wp\/v2\/pages\/125\/revisions\/311"}],"up":[{"embeddable":true,"href":"https:\/\/alyeskaadvisors.com\/site\/wp-json\/wp\/v2\/pages\/2"}],"wp:attachment":[{"href":"https:\/\/alyeskaadvisors.com\/site\/wp-json\/wp\/v2\/media?parent=125"}],"curies":[{"name":"wp","href":"https:\/\/api.w.org\/{rel}","templated":true}]}}